{"id":13986,"date":"2025-09-30T15:46:03","date_gmt":"2025-09-30T15:46:03","guid":{"rendered":"https:\/\/ktwbatumiwine.ge\/?post_type=product&#038;p=13986"},"modified":"2026-05-09T15:24:06","modified_gmt":"2026-05-09T15:24:06","slug":"%e1%83%aa%e1%83%a5%e1%83%a0%e1%83%98%e1%83%90%e1%83%9a%e1%83%90-%e1%83%a6%e1%83%95%e1%83%98%e1%83%9c%e1%83%9d-%e1%83%a8%e1%83%90%e1%83%a2%e1%83%9d-%e1%83%9b%e1%83%90%e1%83%9c%e1%83%90%e1%83%95-2","status":"publish","type":"product","link":"https:\/\/ktwbatumiwine.ge\/en\/product\/%e1%83%aa%e1%83%a5%e1%83%a0%e1%83%98%e1%83%90%e1%83%9a%e1%83%90-%e1%83%a6%e1%83%95%e1%83%98%e1%83%9c%e1%83%9d-%e1%83%a8%e1%83%90%e1%83%a2%e1%83%9d-%e1%83%9b%e1%83%90%e1%83%9c%e1%83%90%e1%83%95-2\/","title":{"rendered":"Ch\u00e2teau Manavi Ros\u00e9 Sparkling Wine"},"content":{"rendered":"","protected":false},"excerpt":{"rendered":"<p>Ch\u00e2teau Manavi Ros\u00e9 is a sparkling ros\u00e9 wine made from Chinuri, Tsolikouri, Manavi Mtsvane, and Tavkveri grape varieties. It is distinguished by a pleasant, harmonious taste with delicate fruity notes.<\/p>","protected":false},"featured_media":13987,"comment_status":"open","ping_status":"closed","template":"","meta":{"_acf_changed":false},"product_brand":[442,434],"product_cat":[162,335],"product_tag":[],"class_list":{"0":"post-13986","1":"product","2":"type-product","3":"status-publish","4":"has-post-thumbnail","6":"product_brand-chateu-manavi","7":"product_brand-434","8":"product_cat-162","9":"product_cat-335","11":"first","12":"instock","13":"shipping-taxable","14":"purchasable","15":"product-type-simple"},"acf":[],"_links":{"self":[{"href":"https:\/\/ktwbatumiwine.ge\/en\/wp-json\/wp\/v2\/product\/13986","targetHints":{"allow":["GET"]}}],"collection":[{"href":"https:\/\/ktwbatumiwine.ge\/en\/wp-json\/wp\/v2\/product"}],"about":[{"href":"https:\/\/ktwbatumiwine.ge\/en\/wp-json\/wp\/v2\/types\/product"}],"replies":[{"embeddable":true,"href":"https:\/\/ktwbatumiwine.ge\/en\/wp-json\/wp\/v2\/comments?post=13986"}],"version-history":[{"count":1,"href":"https:\/\/ktwbatumiwine.ge\/en\/wp-json\/wp\/v2\/product\/13986\/revisions"}],"predecessor-version":[{"id":13988,"href":"https:\/\/ktwbatumiwine.ge\/en\/wp-json\/wp\/v2\/product\/13986\/revisions\/13988"}],"wp:featuredmedia":[{"embeddable":true,"href":"https:\/\/ktwbatumiwine.ge\/en\/wp-json\/wp\/v2\/media\/13987"}],"wp:attachment":[{"href":"https:\/\/ktwbatumiwine.ge\/en\/wp-json\/wp\/v2\/media?parent=13986"}],"wp:term":[{"taxonomy":"product_brand","embeddable":true,"href":"https:\/\/ktwbatumiwine.ge\/en\/wp-json\/wp\/v2\/product_brand?post=13986"},{"taxonomy":"product_cat","embeddable":true,"href":"https:\/\/ktwbatumiwine.ge\/en\/wp-json\/wp\/v2\/product_cat?post=13986"},{"taxonomy":"product_tag","embeddable":true,"href":"https:\/\/ktwbatumiwine.ge\/en\/wp-json\/wp\/v2\/product_tag?post=13986"}],"curies":[{"name":"wp","href":"https:\/\/api.w.org\/{rel}","templated":true}]}}