{"id":10443,"date":"2025-01-28T21:08:39","date_gmt":"2025-01-28T21:08:39","guid":{"rendered":"https:\/\/ktwbatumiwine.ge\/?post_type=product&#038;p=10443"},"modified":"2025-09-28T13:47:07","modified_gmt":"2025-09-28T13:47:07","slug":"tete-de-quve-bruti","status":"publish","type":"product","link":"https:\/\/ktwbatumiwine.ge\/en\/product\/tete-de-quve-bruti\/","title":{"rendered":"T\u00eate de Cuv\u00e9e Brut"},"content":{"rendered":"","protected":false},"excerpt":{"rendered":"<p>T\u00eate de Cuv\u00e9e Brut sparkling wine is produced using the classic champagne method. The blend features wines made from Krakhuna and Tsolikouri grape varieties grown in the Lechkhumi region. The wine has a light straw color and is distinguished by a subtle, harmonious taste with characteristic aged notes.<\/p>\n<p class=\"translation-block\">Region: Guria and Racha-Lechkhumi\nAlcohol: 12%\nType: Brut\nGrape Varieties: Krakhuna and Tsolikouri\nProduction Method: Classic Method\nVolume: 750 ml<\/p>","protected":false},"featured_media":13302,"comment_status":"open","ping_status":"closed","template":"","meta":{"_acf_changed":false},"product_brand":[441],"product_cat":[332,162],"product_tag":[],"class_list":{"0":"post-10443","1":"product","2":"type-product","3":"status-publish","4":"has-post-thumbnail","6":"product_brand-chateau-askana","7":"product_cat-332","8":"product_cat-162","10":"first","11":"instock","12":"shipping-taxable","13":"purchasable","14":"product-type-simple"},"acf":[],"_links":{"self":[{"href":"https:\/\/ktwbatumiwine.ge\/en\/wp-json\/wp\/v2\/product\/10443","targetHints":{"allow":["GET"]}}],"collection":[{"href":"https:\/\/ktwbatumiwine.ge\/en\/wp-json\/wp\/v2\/product"}],"about":[{"href":"https:\/\/ktwbatumiwine.ge\/en\/wp-json\/wp\/v2\/types\/product"}],"replies":[{"embeddable":true,"href":"https:\/\/ktwbatumiwine.ge\/en\/wp-json\/wp\/v2\/comments?post=10443"}],"version-history":[{"count":1,"href":"https:\/\/ktwbatumiwine.ge\/en\/wp-json\/wp\/v2\/product\/10443\/revisions"}],"predecessor-version":[{"id":13303,"href":"https:\/\/ktwbatumiwine.ge\/en\/wp-json\/wp\/v2\/product\/10443\/revisions\/13303"}],"wp:featuredmedia":[{"embeddable":true,"href":"https:\/\/ktwbatumiwine.ge\/en\/wp-json\/wp\/v2\/media\/13302"}],"wp:attachment":[{"href":"https:\/\/ktwbatumiwine.ge\/en\/wp-json\/wp\/v2\/media?parent=10443"}],"wp:term":[{"taxonomy":"product_brand","embeddable":true,"href":"https:\/\/ktwbatumiwine.ge\/en\/wp-json\/wp\/v2\/product_brand?post=10443"},{"taxonomy":"product_cat","embeddable":true,"href":"https:\/\/ktwbatumiwine.ge\/en\/wp-json\/wp\/v2\/product_cat?post=10443"},{"taxonomy":"product_tag","embeddable":true,"href":"https:\/\/ktwbatumiwine.ge\/en\/wp-json\/wp\/v2\/product_tag?post=10443"}],"curies":[{"name":"wp","href":"https:\/\/api.w.org\/{rel}","templated":true}]}}