{"id":10440,"date":"2025-01-28T21:02:13","date_gmt":"2025-01-28T21:02:13","guid":{"rendered":"https:\/\/ktwbatumiwine.ge\/?post_type=product&#038;p=10440"},"modified":"2025-09-28T13:48:04","modified_gmt":"2025-09-28T13:48:04","slug":"tete-de-quve","status":"publish","type":"product","link":"https:\/\/ktwbatumiwine.ge\/en\/product\/tete-de-quve\/","title":{"rendered":"T\u00eate de Cuv\u00e9e"},"content":{"rendered":"","protected":false},"excerpt":{"rendered":"<p>T\u00eate de Cuv\u00e9e sparkling wine is produced using the classic champagne method from premium-quality Chkhaveri grapes harvested late in the season in the Tsageri region. This sparkling wine features a ros\u00e9 color and is distinguished by its balanced, delicate acidity and aromas of rose and tropical fruits. Best served at 7\u20139\u00b0C.<\/p>\n<p class=\"translation-block\">Region: Adjara\nAlcohol: 12%\nType: Brut\nGrape Variety: Chkhaveri\nProduction Method: Classic Method\nVolume: 750 ml<\/p>","protected":false},"featured_media":13306,"comment_status":"open","ping_status":"closed","template":"","meta":{"_acf_changed":false},"product_brand":[441],"product_cat":[332,162],"product_tag":[],"class_list":{"0":"post-10440","1":"product","2":"type-product","3":"status-publish","4":"has-post-thumbnail","6":"product_brand-chateau-askana","7":"product_cat-332","8":"product_cat-162","10":"first","11":"instock","12":"shipping-taxable","13":"purchasable","14":"product-type-simple"},"acf":[],"_links":{"self":[{"href":"https:\/\/ktwbatumiwine.ge\/en\/wp-json\/wp\/v2\/product\/10440","targetHints":{"allow":["GET"]}}],"collection":[{"href":"https:\/\/ktwbatumiwine.ge\/en\/wp-json\/wp\/v2\/product"}],"about":[{"href":"https:\/\/ktwbatumiwine.ge\/en\/wp-json\/wp\/v2\/types\/product"}],"replies":[{"embeddable":true,"href":"https:\/\/ktwbatumiwine.ge\/en\/wp-json\/wp\/v2\/comments?post=10440"}],"version-history":[{"count":1,"href":"https:\/\/ktwbatumiwine.ge\/en\/wp-json\/wp\/v2\/product\/10440\/revisions"}],"predecessor-version":[{"id":13307,"href":"https:\/\/ktwbatumiwine.ge\/en\/wp-json\/wp\/v2\/product\/10440\/revisions\/13307"}],"wp:featuredmedia":[{"embeddable":true,"href":"https:\/\/ktwbatumiwine.ge\/en\/wp-json\/wp\/v2\/media\/13306"}],"wp:attachment":[{"href":"https:\/\/ktwbatumiwine.ge\/en\/wp-json\/wp\/v2\/media?parent=10440"}],"wp:term":[{"taxonomy":"product_brand","embeddable":true,"href":"https:\/\/ktwbatumiwine.ge\/en\/wp-json\/wp\/v2\/product_brand?post=10440"},{"taxonomy":"product_cat","embeddable":true,"href":"https:\/\/ktwbatumiwine.ge\/en\/wp-json\/wp\/v2\/product_cat?post=10440"},{"taxonomy":"product_tag","embeddable":true,"href":"https:\/\/ktwbatumiwine.ge\/en\/wp-json\/wp\/v2\/product_tag?post=10440"}],"curies":[{"name":"wp","href":"https:\/\/api.w.org\/{rel}","templated":true}]}}