{"id":10383,"date":"2025-01-28T16:06:14","date_gmt":"2025-01-28T16:06:14","guid":{"rendered":"https:\/\/ktwbatumiwine.ge\/?post_type=product&#038;p=10383"},"modified":"2025-09-28T13:47:34","modified_gmt":"2025-09-28T13:47:34","slug":"tete-de-quve-bareli","status":"publish","type":"product","link":"https:\/\/ktwbatumiwine.ge\/en\/product\/tete-de-quve-bareli\/","title":{"rendered":"T\u00eate de Cuv\u00e9e Barrel"},"content":{"rendered":"","protected":false},"excerpt":{"rendered":"<p>T\u00eate de Cuv\u00e9e Barrel sparkling wine is produced using the classic champagne method. The blend includes barrel-aged wines made from Tsolikouri (2016), Chinuri (2017), and Khikhvi (2017) grape varieties. The wine has a golden hue and is characterized by balanced citrus aromas harmoniously combined with subtle oak notes.<\/p>\n<p>Region: Guria, Imereti, and Kartli<\/p>\n<p>Alcohol: 13 %<\/p>\n<p>Type: Brut<\/p>\n<p>Grape Varieties: Tsolikouri, Chinuri, and Khikhvi<\/p>\n<p>Production Method: Classic Method, Barrel-Aged<\/p>\n<p>Volume: 750 ml<\/p>","protected":false},"featured_media":13304,"comment_status":"open","ping_status":"closed","template":"","meta":{"_acf_changed":false},"product_brand":[441],"product_cat":[332,162],"product_tag":[],"class_list":{"0":"post-10383","1":"product","2":"type-product","3":"status-publish","4":"has-post-thumbnail","6":"product_brand-chateau-askana","7":"product_cat-332","8":"product_cat-162","10":"first","11":"instock","12":"shipping-taxable","13":"purchasable","14":"product-type-simple"},"acf":[],"_links":{"self":[{"href":"https:\/\/ktwbatumiwine.ge\/en\/wp-json\/wp\/v2\/product\/10383","targetHints":{"allow":["GET"]}}],"collection":[{"href":"https:\/\/ktwbatumiwine.ge\/en\/wp-json\/wp\/v2\/product"}],"about":[{"href":"https:\/\/ktwbatumiwine.ge\/en\/wp-json\/wp\/v2\/types\/product"}],"replies":[{"embeddable":true,"href":"https:\/\/ktwbatumiwine.ge\/en\/wp-json\/wp\/v2\/comments?post=10383"}],"version-history":[{"count":1,"href":"https:\/\/ktwbatumiwine.ge\/en\/wp-json\/wp\/v2\/product\/10383\/revisions"}],"predecessor-version":[{"id":13305,"href":"https:\/\/ktwbatumiwine.ge\/en\/wp-json\/wp\/v2\/product\/10383\/revisions\/13305"}],"wp:featuredmedia":[{"embeddable":true,"href":"https:\/\/ktwbatumiwine.ge\/en\/wp-json\/wp\/v2\/media\/13304"}],"wp:attachment":[{"href":"https:\/\/ktwbatumiwine.ge\/en\/wp-json\/wp\/v2\/media?parent=10383"}],"wp:term":[{"taxonomy":"product_brand","embeddable":true,"href":"https:\/\/ktwbatumiwine.ge\/en\/wp-json\/wp\/v2\/product_brand?post=10383"},{"taxonomy":"product_cat","embeddable":true,"href":"https:\/\/ktwbatumiwine.ge\/en\/wp-json\/wp\/v2\/product_cat?post=10383"},{"taxonomy":"product_tag","embeddable":true,"href":"https:\/\/ktwbatumiwine.ge\/en\/wp-json\/wp\/v2\/product_tag?post=10383"}],"curies":[{"name":"wp","href":"https:\/\/api.w.org\/{rel}","templated":true}]}}